{"id":1406,"date":"2019-08-09T14:05:54","date_gmt":"2019-08-09T11:05:54","guid":{"rendered":"https:\/\/www.berkerberker.com\/team\/esin-sahin-koca\/"},"modified":"2020-12-08T13:31:49","modified_gmt":"2020-12-08T10:31:49","slug":"esin-sahin-koca","status":"publish","type":"page","link":"https:\/\/www.berkerberker.com\/en\/team\/esin-sahin-koca\/","title":{"rendered":"Esin \u015eahin Koca"},"content":{"rendered":"<div data-vc-full-width=\"true\" data-vc-full-width-init=\"false\" data-vc-stretch-content=\"true\" class=\"vc_row wpb_row vc_row-fluid wpb_animate_when_almost_visible wpb_fadeIn fadeIn vc_custom_1539960804691 vc_row-has-fill vc_row-no-padding vc_row-o-full-height vc_row-o-columns-stretch vc_row-o-equal-height vc_row-o-content-middle vc_row-flex\"><div class=\"hizmetler-menu wpb_column vc_column_container vc_col-sm-4 vc_col-has-fill\"><div class=\"vc_column-inner vc_custom_1536534681505\"><div class=\"wpb_wrapper\">\n\t<div  class=\"wpb_single_image wpb_content_element vc_align_center  vc_custom_1607422688493\">\n\t\t\n\t\t<figure class=\"wpb_wrapper vc_figure\">\n\t\t\t<div class=\"vc_single_image-wrapper   vc_box_border_grey\"><img loading=\"lazy\" decoding=\"async\" width=\"500\" height=\"625\" src=\"https:\/\/www.berkerberker.com\/wp-content\/uploads\/esin-sahin_koca.jpg\" class=\"vc_single_image-img attachment-full\" alt=\"\" srcset=\"https:\/\/www.berkerberker.com\/wp-content\/uploads\/esin-sahin_koca.jpg 500w, https:\/\/www.berkerberker.com\/wp-content\/uploads\/esin-sahin_koca-240x300.jpg 240w, https:\/\/www.berkerberker.com\/wp-content\/uploads\/esin-sahin_koca-117x146.jpg 117w, https:\/\/www.berkerberker.com\/wp-content\/uploads\/esin-sahin_koca-40x50.jpg 40w, https:\/\/www.berkerberker.com\/wp-content\/uploads\/esin-sahin_koca-60x75.jpg 60w\" sizes=\"auto, (max-width:767px) 480px, 500px\" \/><\/div>\n\t\t<\/figure>\n\t<\/div>\n<div class=\"fancy_heading fancy_heading_line\"><div class=\"fh-top\"><span class=\"slogan\">Avukat<\/span><\/div><h2 class=\"title\">Esin \u015eahin Koca<\/h2><\/div>\n<\/div><\/div><\/div><div class=\"wpb_column vc_column_container vc_col-sm-4 vc_col-has-fill\"><div class=\"vc_column-inner vc_custom_1536534307371\"><div class=\"wpb_wrapper\">\n\t<div class=\"wpb_text_column wpb_content_element \" >\n\t\t<div class=\"wpb_wrapper\">\n\t\t\t<p>Ms. Esin \u015eahin Koca has started her career at C Kredi ve Kalk\u0131nma Bankas\u0131 and has continued her career at Denizbank A.\u015e and has given counseling to both banks in regards to project finances, credit reconfigurations and the coordination of foreign subsidiaries.<\/p>\n<p>Following her experience in \u00a0Banking and Finance Law, Ms. Esin \u015eahin Koca has transferred to the Legal Counseling Department in Turkcell \u0130leti\u015fim Hizmetleri A.\u015e. and has worked there for over 10 years. Thanks to her experience within the sector and in the field of law she has been appointed as a manager at \u00a0Turkcell \u0130leti\u015fim Hizmetleri A.\u015e.\u2019s subsidiary Turkcell Global Bilgi A.\u015e. and has managed the legal processes of the company alongside her team.<\/p>\n<p>Ms. Esin \u015eahin Koca, works in many different fields of law, particularly in Banking and Finance Law, Corporate Law, Contract Law, Telecommunication Law, Labor Law, Intellectual Property Law and Real Estate and Construction Law<\/p>\n\n\t\t<\/div>\n\t<\/div>\n<\/div><\/div><\/div><div class=\"cv-beyaz, vc_row-o-content-bottom wpb_column vc_column_container vc_col-sm-4 vc_col-has-fill\"><div class=\"vc_column-inner vc_custom_1536536155122\"><div class=\"wpb_wrapper\">\n\t<div class=\"wpb_text_column wpb_content_element  alanlar\" >\n\t\t<div class=\"wpb_wrapper\">\n\t\t\t<p><strong>Practice Areas:\u00a0<\/strong><\/p>\n<p>Banking and Finance Law<br \/>\nCorporate Law<br \/>\nReal Estate and Construction Law<br \/>\nTelecommunication Law<br \/>\nContract Law<br \/>\nLabor Law<br \/>\nIntellectual Property Law<\/p>\n<p><strong>Education:<\/strong><\/p>\n<p>Istanbul University, Faculty of Law<br \/>\nBournemouth Business Sch. Int<\/p>\n<p><strong>Languages:<\/strong><\/p>\n<p>Turkish<br \/>\nEnglish<br \/>\nSpanish<\/p>\n\n\t\t<\/div>\n\t<\/div>\n\n\t<div class=\"wpb_text_column wpb_content_element  ekipbuton\" >\n\t\t<div class=\"wpb_wrapper\">\n\t\t\t<p><a href=\"\/team\/mehtap-gokce\/\" aria-label=\"button with icon\" class=\"icon_bar  icon_bar_large\" ><span class=\"t\"><i class=\"icon-left-circled\"><\/i><\/span><span class=\"b\"><i class=\"icon-left-circled\"><\/i><\/span><\/a>\n<a href=\"\/team\/\" aria-label=\"button with icon\" class=\"icon_bar  icon_bar_large\" ><span class=\"t\"><i class=\"icon-layout\"><\/i><\/span><span class=\"b\"><i class=\"icon-layout\"><\/i><\/span><\/a>\n<a href=\"\/team\/bilgen-bayraktar-abali\/\" aria-label=\"button with icon\" class=\"icon_bar  icon_bar_large\" ><span class=\"t\"><i class=\"icon-right-circled\"><\/i><\/span><span class=\"b\"><i class=\"icon-right-circled\"><\/i><\/span><\/a>\n<\/p>\n\n\t\t<\/div>\n\t<\/div>\n<\/div><\/div><\/div><\/div><div class=\"vc_row-full-width vc_clearfix\"><\/div>\n","protected":false},"excerpt":{"rendered":"AvukatEsin \u015eahin Koca Ms. Esin \u015eahin Koca has started her career at C Kredi ve Kalk\u0131nma Bankas\u0131 and<span class=\"excerpt-hellip\"> [\u2026]<\/span>","protected":false},"author":1,"featured_media":0,"parent":922,"menu_order":0,"comment_status":"closed","ping_status":"closed","template":"","meta":{"footnotes":""},"class_list":["post-1406","page","type-page","status-publish","hentry"],"_links":{"self":[{"href":"https:\/\/www.berkerberker.com\/en\/wp-json\/wp\/v2\/pages\/1406","targetHints":{"allow":["GET"]}}],"collection":[{"href":"https:\/\/www.berkerberker.com\/en\/wp-json\/wp\/v2\/pages"}],"about":[{"href":"https:\/\/www.berkerberker.com\/en\/wp-json\/wp\/v2\/types\/page"}],"author":[{"embeddable":true,"href":"https:\/\/www.berkerberker.com\/en\/wp-json\/wp\/v2\/users\/1"}],"replies":[{"embeddable":true,"href":"https:\/\/www.berkerberker.com\/en\/wp-json\/wp\/v2\/comments?post=1406"}],"version-history":[{"count":8,"href":"https:\/\/www.berkerberker.com\/en\/wp-json\/wp\/v2\/pages\/1406\/revisions"}],"predecessor-version":[{"id":2725,"href":"https:\/\/www.berkerberker.com\/en\/wp-json\/wp\/v2\/pages\/1406\/revisions\/2725"}],"up":[{"embeddable":true,"href":"https:\/\/www.berkerberker.com\/en\/wp-json\/wp\/v2\/pages\/922"}],"wp:attachment":[{"href":"https:\/\/www.berkerberker.com\/en\/wp-json\/wp\/v2\/media?parent=1406"}],"curies":[{"name":"wp","href":"https:\/\/api.w.org\/{rel}","templated":true}]}}