{"id":5921,"date":"2025-10-15T19:21:48","date_gmt":"2025-10-15T16:21:48","guid":{"rendered":"https:\/\/www.berkerberker.com\/?page_id=5921"},"modified":"2025-10-15T19:29:24","modified_gmt":"2025-10-15T16:29:24","slug":"oyku-turkoglu","status":"publish","type":"page","link":"https:\/\/www.berkerberker.com\/en\/team\/oyku-turkoglu\/","title":{"rendered":"\u00d6yk\u00fc T\u00fcrko\u011flu"},"content":{"rendered":"<div data-vc-full-width=\"true\" data-vc-full-width-init=\"false\" data-vc-stretch-content=\"true\" class=\"vc_row wpb_row vc_row-fluid wpb_animate_when_almost_visible wpb_fadeIn fadeIn vc_custom_1537292434131 vc_row-has-fill vc_row-no-padding vc_row-o-full-height vc_row-o-columns-stretch vc_row-o-equal-height vc_row-o-content-middle vc_row-flex\"><div class=\"hizmetler-menu wpb_column vc_column_container vc_col-sm-4 vc_col-has-fill\"><div class=\"vc_column-inner vc_custom_1536534681505\"><div class=\"wpb_wrapper\">\n\t<div  class=\"wpb_single_image wpb_content_element vc_align_center  vc_custom_1760544783706\">\n\t\t\n\t\t<figure class=\"wpb_wrapper vc_figure\">\n\t\t\t<div class=\"vc_single_image-wrapper   vc_box_border_grey\"><img loading=\"lazy\" decoding=\"async\" width=\"2053\" height=\"2560\" src=\"https:\/\/www.berkerberker.com\/wp-content\/uploads\/Oyku-scaled.jpg\" class=\"vc_single_image-img attachment-full\" alt=\"\" srcset=\"https:\/\/www.berkerberker.com\/wp-content\/uploads\/Oyku-scaled.jpg 2053w, https:\/\/www.berkerberker.com\/wp-content\/uploads\/Oyku-241x300.jpg 241w, https:\/\/www.berkerberker.com\/wp-content\/uploads\/Oyku-821x1024.jpg 821w, https:\/\/www.berkerberker.com\/wp-content\/uploads\/Oyku-768x958.jpg 768w, https:\/\/www.berkerberker.com\/wp-content\/uploads\/Oyku-1232x1536.jpg 1232w, https:\/\/www.berkerberker.com\/wp-content\/uploads\/Oyku-1643x2048.jpg 1643w, https:\/\/www.berkerberker.com\/wp-content\/uploads\/Oyku-60x75.jpg 60w, https:\/\/www.berkerberker.com\/wp-content\/uploads\/Oyku-480x598.jpg 480w\" sizes=\"(max-width:767px) 480px, (max-width:2053px) 100vw, 2053px\" \/><\/div>\n\t\t<\/figure>\n\t<\/div>\n<div class=\"fancy_heading fancy_heading_line\"><div class=\"fh-top\"><span class=\"slogan\">Lawyer<\/span><\/div><h1 class=\"title \">\u00d6yk\u00fc T\u00fcrko\u011flu<\/h1><\/div>\n<\/div><\/div><\/div><div class=\"wpb_column vc_column_container vc_col-sm-4 vc_col-has-fill\"><div class=\"vc_column-inner vc_custom_1536534307371\"><div class=\"wpb_wrapper\">\n\t<div class=\"wpb_text_column wpb_content_element \" >\n\t\t<div class=\"wpb_wrapper\">\n\t\t\t<p data-start=\"0\" data-end=\"146\">Attorney \u00d6yk\u00fc T\u00fcrko\u011flu, who graduated with honors from Dokuz Eyl\u00fcl University Faculty of Law in 2018, joined Berker Berker&#8217;s legal team in 2025.<\/p>\n<p>Ms. \u00d6yk\u00fc T\u00fcrko\u011flu renders legal services most notably in the fields of Labor Law, Contracts Law,\u00a0 Intellectual Property Law and Citizenship &amp; Immigration Law, and represents the firm\u2019s local and foreign clients in both formal courts and private negotiations.<\/p>\n\n\t\t<\/div>\n\t<\/div>\n<\/div><\/div><\/div><div class=\"cv-beyaz, vc_row-o-content-bottom wpb_column vc_column_container vc_col-sm-4 vc_col-has-fill\"><div class=\"vc_column-inner vc_custom_1536536155122\"><div class=\"wpb_wrapper\">\n\t<div class=\"wpb_text_column wpb_content_element  alanlar\" >\n\t\t<div class=\"wpb_wrapper\">\n\t\t\t<p><strong><u>Practice Areas:<\/u><\/strong><\/p>\n<p>Labor Law<br \/>\nContracts Law<br \/>\nIntellectual Property Law<br \/>\nCitizenship and Immigration Law<\/p>\n<p><strong><u>Education:<\/u><\/strong><\/p>\n<p>\u0130stanbul Bilgi University, LLM.<\/p>\n<p>Dokuz Eyl\u00fcl University, Faculty of Law<\/p>\n<p><strong><u>Languages:<\/u><\/strong><\/p>\n<p>Turkish<br \/>\nEnglish<\/p>\n\n\t\t<\/div>\n\t<\/div>\n\n\t<div class=\"wpb_text_column wpb_content_element  ekipbuton\" >\n\t\t<div class=\"wpb_wrapper\">\n\t\t\t<p><a href=\"\/team\/oyku-turkoglu\/\" aria-label=\"button with icon\" class=\"icon_bar  icon_bar_large\" ><span class=\"t\"><i class=\"icon-left-circled\"><\/i><\/span><span class=\"b\"><i class=\"icon-left-circled\"><\/i><\/span><\/a>\n<a href=\"\/team\/\" aria-label=\"button with icon\" class=\"icon_bar  icon_bar_large\" ><span class=\"t\"><i class=\"icon-layout\"><\/i><\/span><span class=\"b\"><i class=\"icon-layout\"><\/i><\/span><\/a>\n<\/p>\n\n\t\t<\/div>\n\t<\/div>\n<\/div><\/div><\/div><\/div><div class=\"vc_row-full-width vc_clearfix\"><\/div>\n","protected":false},"excerpt":{"rendered":"Lawyer\u00d6yk\u00fc T\u00fcrko\u011flu Attorney \u00d6yk\u00fc T\u00fcrko\u011flu, who graduated with honors from Dokuz Eyl\u00fcl University Faculty of Law in 2018,<span class=\"excerpt-hellip\"> [\u2026]<\/span>","protected":false},"author":3,"featured_media":5905,"parent":922,"menu_order":0,"comment_status":"closed","ping_status":"closed","template":"","meta":{"footnotes":""},"class_list":["post-5921","page","type-page","status-publish","has-post-thumbnail","hentry"],"_links":{"self":[{"href":"https:\/\/www.berkerberker.com\/en\/wp-json\/wp\/v2\/pages\/5921"}],"collection":[{"href":"https:\/\/www.berkerberker.com\/en\/wp-json\/wp\/v2\/pages"}],"about":[{"href":"https:\/\/www.berkerberker.com\/en\/wp-json\/wp\/v2\/types\/page"}],"author":[{"embeddable":true,"href":"https:\/\/www.berkerberker.com\/en\/wp-json\/wp\/v2\/users\/3"}],"replies":[{"embeddable":true,"href":"https:\/\/www.berkerberker.com\/en\/wp-json\/wp\/v2\/comments?post=5921"}],"version-history":[{"count":1,"href":"https:\/\/www.berkerberker.com\/en\/wp-json\/wp\/v2\/pages\/5921\/revisions"}],"predecessor-version":[{"id":5922,"href":"https:\/\/www.berkerberker.com\/en\/wp-json\/wp\/v2\/pages\/5921\/revisions\/5922"}],"up":[{"embeddable":true,"href":"https:\/\/www.berkerberker.com\/en\/wp-json\/wp\/v2\/pages\/922"}],"wp:featuredmedia":[{"embeddable":true,"href":"https:\/\/www.berkerberker.com\/en\/wp-json\/wp\/v2\/media\/5905"}],"wp:attachment":[{"href":"https:\/\/www.berkerberker.com\/en\/wp-json\/wp\/v2\/media?parent=5921"}],"curies":[{"name":"wp","href":"https:\/\/api.w.org\/{rel}","templated":true}]}}