{"id":922,"date":"2018-09-18T20:52:17","date_gmt":"2018-09-18T17:52:17","guid":{"rendered":"http:\/\/www.berkerberker.com\/ekibimiz\/"},"modified":"2026-02-27T17:25:37","modified_gmt":"2026-02-27T14:25:37","slug":"team","status":"publish","type":"page","link":"https:\/\/www.berkerberker.com\/en\/team\/","title":{"rendered":"Our Team"},"content":{"rendered":"<div data-vc-full-width=\"true\" data-vc-full-width-init=\"false\" class=\"vc_row wpb_row vc_row-fluid wpb_animate_when_almost_visible wpb_fadeIn fadeIn vc_custom_1585169693769 vc_row-has-fill\"><div class=\"wpb_column vc_column_container vc_col-sm-12\"><div class=\"vc_column-inner\"><div class=\"wpb_wrapper\">\n\t<div class=\"wpb_text_column wpb_content_element \" >\n\t\t<div class=\"wpb_wrapper\">\n\t\t\t<h2 class=\"sayfa-baslik\">Our Team<\/h2>\n\n\t\t<\/div>\n\t<\/div>\n<\/div><\/div><\/div><\/div><div class=\"vc_row-full-width vc_clearfix\"><\/div><div data-vc-full-width=\"true\" data-vc-full-width-init=\"false\" class=\"vc_row wpb_row vc_row-fluid wpb_animate_when_almost_visible wpb_fadeIn fadeIn\"><div class=\"wpb_column vc_column_container vc_col-sm-2\"><div class=\"vc_column-inner\"><div class=\"wpb_wrapper\"><div class=\"vc_empty_space\"   style=\"height: 32px\" ><span class=\"vc_empty_space_inner\"><\/span><\/div>\n<\/div><\/div><\/div><div class=\"altsatir wpb_column vc_column_container vc_col-sm-4\"><div class=\"vc_column-inner\"><div class=\"wpb_wrapper\">\n\t<div  class=\"wpb_single_image wpb_content_element vc_align_center\">\n\t\t\n\t\t<figure class=\"wpb_wrapper vc_figure\">\n\t\t\t<a href=\"\/en\/team\/ahmet-berker\" target=\"_self\" class=\"vc_single_image-wrapper   vc_box_border_grey\"><img loading=\"lazy\" decoding=\"async\" width=\"1022\" height=\"1276\" src=\"https:\/\/www.berkerberker.com\/wp-content\/uploads\/AB-2026-2.png\" class=\"vc_single_image-img attachment-full\" alt=\"\" srcset=\"https:\/\/www.berkerberker.com\/wp-content\/uploads\/AB-2026-2.png 1022w, https:\/\/www.berkerberker.com\/wp-content\/uploads\/AB-2026-2-240x300.png 240w, https:\/\/www.berkerberker.com\/wp-content\/uploads\/AB-2026-2-820x1024.png 820w, https:\/\/www.berkerberker.com\/wp-content\/uploads\/AB-2026-2-768x959.png 768w, https:\/\/www.berkerberker.com\/wp-content\/uploads\/AB-2026-2-60x75.png 60w, https:\/\/www.berkerberker.com\/wp-content\/uploads\/AB-2026-2-480x599.png 480w\" sizes=\"(max-width:767px) 480px, (max-width:1022px) 100vw, 1022px\" \/><\/a>\n\t\t<\/figure>\n\t<\/div>\n<div class=\"fancy_heading fancy_heading_icon\"><div class=\"fh-top\"><\/div><h2 class=\"title\">Ahmet Berker<\/h2><div class=\"inside\">Lawyer<\/div><\/div>\n<\/div><\/div><\/div><div class=\"altsatir wpb_column vc_column_container vc_col-sm-4\"><div class=\"vc_column-inner\"><div class=\"wpb_wrapper\">\n\t<div  class=\"wpb_single_image wpb_content_element vc_align_center\">\n\t\t\n\t\t<figure class=\"wpb_wrapper vc_figure\">\n\t\t\t<a href=\"\/en\/team\/ayca-berker\" target=\"_self\" class=\"vc_single_image-wrapper   vc_box_border_grey\"><img loading=\"lazy\" decoding=\"async\" width=\"500\" height=\"625\" src=\"https:\/\/www.berkerberker.com\/wp-content\/uploads\/Ayca_Berker.jpg\" class=\"vc_single_image-img attachment-full\" alt=\"\" srcset=\"https:\/\/www.berkerberker.com\/wp-content\/uploads\/Ayca_Berker.jpg 500w, https:\/\/www.berkerberker.com\/wp-content\/uploads\/Ayca_Berker-240x300.jpg 240w, https:\/\/www.berkerberker.com\/wp-content\/uploads\/Ayca_Berker-117x146.jpg 117w, https:\/\/www.berkerberker.com\/wp-content\/uploads\/Ayca_Berker-40x50.jpg 40w, https:\/\/www.berkerberker.com\/wp-content\/uploads\/Ayca_Berker-60x75.jpg 60w\" sizes=\"(max-width:767px) 480px, 500px\" \/><\/a>\n\t\t<\/figure>\n\t<\/div>\n<div class=\"fancy_heading fancy_heading_icon\"><div class=\"fh-top\"><\/div><h2 class=\"title\">Ay\u00e7a Berker<\/h2><div class=\"inside\">Lawyer<\/div><\/div>\n<\/div><\/div><\/div><div class=\"wpb_column vc_column_container vc_col-sm-2\"><div class=\"vc_column-inner\"><div class=\"wpb_wrapper\"><div class=\"vc_empty_space\"   style=\"height: 32px\" ><span class=\"vc_empty_space_inner\"><\/span><\/div>\n<\/div><\/div><\/div><\/div><div class=\"vc_row-full-width vc_clearfix\"><\/div><div data-vc-full-width=\"true\" data-vc-full-width-init=\"false\" class=\"vc_row wpb_row vc_row-fluid wpb_animate_when_almost_visible wpb_fadeIn fadeIn\"><div class=\"altsatir wpb_column vc_column_container vc_col-sm-2\"><div class=\"vc_column-inner\"><div class=\"wpb_wrapper\"><\/div><\/div><\/div><div class=\"altsatir wpb_column vc_column_container vc_col-sm-4\"><div class=\"vc_column-inner\"><div class=\"wpb_wrapper\">\n\t<div  class=\"wpb_single_image wpb_content_element vc_align_center\">\n\t\t\n\t\t<figure class=\"wpb_wrapper vc_figure\">\n\t\t\t<a href=\"\/en\/team\/mehtap-gokce\" target=\"_self\" class=\"vc_single_image-wrapper   vc_box_border_grey\"><img loading=\"lazy\" decoding=\"async\" width=\"500\" height=\"625\" src=\"https:\/\/www.berkerberker.com\/wp-content\/uploads\/Mehtap-Gokce.jpg\" class=\"vc_single_image-img attachment-full\" alt=\"\" srcset=\"https:\/\/www.berkerberker.com\/wp-content\/uploads\/Mehtap-Gokce.jpg 500w, https:\/\/www.berkerberker.com\/wp-content\/uploads\/Mehtap-Gokce-240x300.jpg 240w, https:\/\/www.berkerberker.com\/wp-content\/uploads\/Mehtap-Gokce-117x146.jpg 117w, https:\/\/www.berkerberker.com\/wp-content\/uploads\/Mehtap-Gokce-40x50.jpg 40w, https:\/\/www.berkerberker.com\/wp-content\/uploads\/Mehtap-Gokce-60x75.jpg 60w\" sizes=\"(max-width:767px) 480px, 500px\" \/><\/a>\n\t\t<\/figure>\n\t<\/div>\n<div class=\"fancy_heading fancy_heading_icon\"><div class=\"fh-top\"><\/div><h2 class=\"title\">Mehtap G\u00f6k\u00e7e<\/h2><div class=\"inside\">Lawyer<\/div><\/div>\n<\/div><\/div><\/div><div class=\"altsatir wpb_column vc_column_container vc_col-sm-4\"><div class=\"vc_column-inner\"><div class=\"wpb_wrapper\">\n\t<div  class=\"wpb_single_image wpb_content_element vc_align_center\">\n\t\t\n\t\t<figure class=\"wpb_wrapper vc_figure\">\n\t\t\t<a href=\"\/en\/team\/esin-sahin-koca\" target=\"_self\" class=\"vc_single_image-wrapper   vc_box_border_grey\"><img loading=\"lazy\" decoding=\"async\" width=\"500\" height=\"625\" src=\"https:\/\/www.berkerberker.com\/wp-content\/uploads\/esin-sahin_koca.jpg\" class=\"vc_single_image-img attachment-full\" alt=\"\" srcset=\"https:\/\/www.berkerberker.com\/wp-content\/uploads\/esin-sahin_koca.jpg 500w, https:\/\/www.berkerberker.com\/wp-content\/uploads\/esin-sahin_koca-240x300.jpg 240w, https:\/\/www.berkerberker.com\/wp-content\/uploads\/esin-sahin_koca-117x146.jpg 117w, https:\/\/www.berkerberker.com\/wp-content\/uploads\/esin-sahin_koca-40x50.jpg 40w, https:\/\/www.berkerberker.com\/wp-content\/uploads\/esin-sahin_koca-60x75.jpg 60w\" sizes=\"(max-width:767px) 480px, 500px\" \/><\/a>\n\t\t<\/figure>\n\t<\/div>\n<div class=\"fancy_heading fancy_heading_icon\"><div class=\"fh-top\"><\/div><h2 class=\"title\">Esin \u015eahin Koca<\/h2><div class=\"inside\">Lawyer<\/div><\/div>\n<\/div><\/div><\/div><div class=\"altsatir wpb_column vc_column_container vc_col-sm-2\"><div class=\"vc_column-inner\"><div class=\"wpb_wrapper\"><\/div><\/div><\/div><\/div><div class=\"vc_row-full-width vc_clearfix\"><\/div><div data-vc-full-width=\"true\" data-vc-full-width-init=\"false\" class=\"vc_row wpb_row vc_row-fluid wpb_animate_when_almost_visible wpb_fadeIn fadeIn\"><div class=\"altsatir wpb_column vc_column_container vc_col-sm-2\"><div class=\"vc_column-inner\"><div class=\"wpb_wrapper\"><\/div><\/div><\/div><div class=\"altsatir wpb_column vc_column_container vc_col-sm-4\"><div class=\"vc_column-inner\"><div class=\"wpb_wrapper\">\n\t<div  class=\"wpb_single_image wpb_content_element vc_align_center\">\n\t\t\n\t\t<figure class=\"wpb_wrapper vc_figure\">\n\t\t\t<a href=\"\/en\/team\/zeynep-eda-gemicioglu\/\" target=\"_self\" class=\"vc_single_image-wrapper   vc_box_border_grey\"><img loading=\"lazy\" decoding=\"async\" width=\"500\" height=\"625\" src=\"https:\/\/www.berkerberker.com\/wp-content\/uploads\/eda-gemicioglu-avukat-min.jpg\" class=\"vc_single_image-img attachment-full\" alt=\"Zeynep Eda Gemicio\u011flu\" srcset=\"https:\/\/www.berkerberker.com\/wp-content\/uploads\/eda-gemicioglu-avukat-min.jpg 500w, https:\/\/www.berkerberker.com\/wp-content\/uploads\/eda-gemicioglu-avukat-min-240x300.jpg 240w, https:\/\/www.berkerberker.com\/wp-content\/uploads\/eda-gemicioglu-avukat-min-117x146.jpg 117w, https:\/\/www.berkerberker.com\/wp-content\/uploads\/eda-gemicioglu-avukat-min-40x50.jpg 40w, https:\/\/www.berkerberker.com\/wp-content\/uploads\/eda-gemicioglu-avukat-min-60x75.jpg 60w\" sizes=\"(max-width:767px) 480px, 500px\" \/><\/a>\n\t\t<\/figure>\n\t<\/div>\n<div class=\"fancy_heading fancy_heading_icon\"><div class=\"fh-top\"><\/div><h2 class=\"title\">Zeynep Eda Gemicioglu<\/h2><div class=\"inside\">Lawyer<\/div><\/div>\n<\/div><\/div><\/div><div class=\"altsatir wpb_column vc_column_container vc_col-sm-4\"><div class=\"vc_column-inner\"><div class=\"wpb_wrapper\">\n\t<div  class=\"wpb_single_image wpb_content_element vc_align_center\">\n\t\t\n\t\t<figure class=\"wpb_wrapper vc_figure\">\n\t\t\t<a href=\"\/en\/team\/cenk-gumus\" target=\"_self\" class=\"vc_single_image-wrapper   vc_box_border_grey\"><img loading=\"lazy\" decoding=\"async\" width=\"500\" height=\"625\" src=\"https:\/\/www.berkerberker.com\/wp-content\/uploads\/cenk-gumus-1.jpg\" class=\"vc_single_image-img attachment-full\" alt=\"cenk-gumus\" srcset=\"https:\/\/www.berkerberker.com\/wp-content\/uploads\/cenk-gumus-1.jpg 500w, https:\/\/www.berkerberker.com\/wp-content\/uploads\/cenk-gumus-1-240x300.jpg 240w, https:\/\/www.berkerberker.com\/wp-content\/uploads\/cenk-gumus-1-117x146.jpg 117w, https:\/\/www.berkerberker.com\/wp-content\/uploads\/cenk-gumus-1-40x50.jpg 40w, https:\/\/www.berkerberker.com\/wp-content\/uploads\/cenk-gumus-1-60x75.jpg 60w\" sizes=\"(max-width:767px) 480px, 500px\" \/><\/a>\n\t\t<\/figure>\n\t<\/div>\n<div class=\"fancy_heading fancy_heading_icon\"><div class=\"fh-top\"><\/div><h2 class=\"title\">Cenk G\u00fcm\u00fc\u015f<\/h2><div class=\"inside\">Lawyer<\/div><\/div>\n<\/div><\/div><\/div><div class=\"altsatir wpb_column vc_column_container vc_col-sm-2\"><div class=\"vc_column-inner\"><div class=\"wpb_wrapper\"><\/div><\/div><\/div><\/div><div class=\"vc_row-full-width vc_clearfix\"><\/div><div data-vc-full-width=\"true\" data-vc-full-width-init=\"false\" class=\"vc_row wpb_row vc_row-fluid wpb_animate_when_almost_visible wpb_fadeIn fadeIn\"><div class=\"altsatir wpb_column vc_column_container vc_col-sm-2\"><div class=\"vc_column-inner\"><div class=\"wpb_wrapper\"><\/div><\/div><\/div><div class=\"altsatir wpb_column vc_column_container vc_col-sm-4\"><div class=\"vc_column-inner\"><div class=\"wpb_wrapper\">\n\t<div  class=\"wpb_single_image wpb_content_element vc_align_center\">\n\t\t\n\t\t<figure class=\"wpb_wrapper vc_figure\">\n\t\t\t<a href=\"\/en\/team\/gamze-zilan-yener\/\" target=\"_self\" class=\"vc_single_image-wrapper   vc_box_border_grey\"><img loading=\"lazy\" decoding=\"async\" width=\"500\" height=\"625\" src=\"https:\/\/www.berkerberker.com\/wp-content\/uploads\/gzy-1.jpg\" class=\"vc_single_image-img attachment-full\" alt=\"Gamze Zilan Yener\" srcset=\"https:\/\/www.berkerberker.com\/wp-content\/uploads\/gzy-1.jpg 500w, https:\/\/www.berkerberker.com\/wp-content\/uploads\/gzy-1-240x300.jpg 240w, https:\/\/www.berkerberker.com\/wp-content\/uploads\/gzy-1-117x146.jpg 117w, https:\/\/www.berkerberker.com\/wp-content\/uploads\/gzy-1-40x50.jpg 40w, https:\/\/www.berkerberker.com\/wp-content\/uploads\/gzy-1-60x75.jpg 60w\" sizes=\"(max-width:767px) 480px, 500px\" \/><\/a>\n\t\t<\/figure>\n\t<\/div>\n<div class=\"fancy_heading fancy_heading_icon\"><div class=\"fh-top\"><\/div><h2 class=\"title\">Gamze Zilan Yener<\/h2><div class=\"inside\">Lawyer<\/div><\/div>\n<\/div><\/div><\/div><div class=\"altsatir wpb_column vc_column_container vc_col-sm-4\"><div class=\"vc_column-inner\"><div class=\"wpb_wrapper\">\n\t<div  class=\"wpb_single_image wpb_content_element vc_align_center\">\n\t\t\n\t\t<figure class=\"wpb_wrapper vc_figure\">\n\t\t\t<a href=\"\/en\/team\/deniz-nalbant\/\" target=\"_self\" class=\"vc_single_image-wrapper   vc_box_border_grey\"><img loading=\"lazy\" decoding=\"async\" width=\"1394\" height=\"1740\" src=\"https:\/\/www.berkerberker.com\/wp-content\/uploads\/Deniz-Nalbant-2.jpg\" class=\"vc_single_image-img attachment-full\" alt=\"\" srcset=\"https:\/\/www.berkerberker.com\/wp-content\/uploads\/Deniz-Nalbant-2.jpg 1394w, https:\/\/www.berkerberker.com\/wp-content\/uploads\/Deniz-Nalbant-2-240x300.jpg 240w, https:\/\/www.berkerberker.com\/wp-content\/uploads\/Deniz-Nalbant-2-820x1024.jpg 820w, https:\/\/www.berkerberker.com\/wp-content\/uploads\/Deniz-Nalbant-2-768x959.jpg 768w, https:\/\/www.berkerberker.com\/wp-content\/uploads\/Deniz-Nalbant-2-1231x1536.jpg 1231w, https:\/\/www.berkerberker.com\/wp-content\/uploads\/Deniz-Nalbant-2-60x75.jpg 60w, https:\/\/www.berkerberker.com\/wp-content\/uploads\/Deniz-Nalbant-2-480x599.jpg 480w\" sizes=\"(max-width:767px) 480px, (max-width:1394px) 100vw, 1394px\" \/><\/a>\n\t\t<\/figure>\n\t<\/div>\n<div class=\"fancy_heading fancy_heading_icon\"><div class=\"fh-top\"><\/div><h2 class=\"title\">Deniz Nalbant<\/h2><div class=\"inside\">Lawyer<\/div><\/div>\n<\/div><\/div><\/div><div class=\"altsatir wpb_column vc_column_container vc_col-sm-2\"><div class=\"vc_column-inner\"><div class=\"wpb_wrapper\"><\/div><\/div><\/div><\/div><div class=\"vc_row-full-width vc_clearfix\"><\/div><div data-vc-full-width=\"true\" data-vc-full-width-init=\"false\" class=\"vc_row wpb_row vc_row-fluid wpb_animate_when_almost_visible wpb_fadeIn fadeIn\"><div class=\"altsatir wpb_column vc_column_container vc_col-sm-2\"><div class=\"vc_column-inner\"><div class=\"wpb_wrapper\"><\/div><\/div><\/div><div class=\"altsatir wpb_column vc_column_container vc_col-sm-4\"><div class=\"vc_column-inner\"><div class=\"wpb_wrapper\">\n\t<div  class=\"wpb_single_image wpb_content_element vc_align_center\">\n\t\t\n\t\t<figure class=\"wpb_wrapper vc_figure\">\n\t\t\t<a href=\"\/en\/team\/nermin-kaya\/\" target=\"_self\" class=\"vc_single_image-wrapper   vc_box_border_grey\"><img loading=\"lazy\" decoding=\"async\" width=\"1889\" height=\"2362\" src=\"https:\/\/www.berkerberker.com\/wp-content\/uploads\/Nermin-Kaya.png\" class=\"vc_single_image-img attachment-full\" alt=\"\" srcset=\"https:\/\/www.berkerberker.com\/wp-content\/uploads\/Nermin-Kaya.png 1889w, https:\/\/www.berkerberker.com\/wp-content\/uploads\/Nermin-Kaya-240x300.png 240w, https:\/\/www.berkerberker.com\/wp-content\/uploads\/Nermin-Kaya-819x1024.png 819w, https:\/\/www.berkerberker.com\/wp-content\/uploads\/Nermin-Kaya-768x960.png 768w, https:\/\/www.berkerberker.com\/wp-content\/uploads\/Nermin-Kaya-1228x1536.png 1228w, https:\/\/www.berkerberker.com\/wp-content\/uploads\/Nermin-Kaya-1638x2048.png 1638w, https:\/\/www.berkerberker.com\/wp-content\/uploads\/Nermin-Kaya-117x146.png 117w, https:\/\/www.berkerberker.com\/wp-content\/uploads\/Nermin-Kaya-40x50.png 40w, https:\/\/www.berkerberker.com\/wp-content\/uploads\/Nermin-Kaya-60x75.png 60w\" sizes=\"(max-width:767px) 480px, (max-width:1889px) 100vw, 1889px\" \/><\/a>\n\t\t<\/figure>\n\t<\/div>\n<div class=\"fancy_heading fancy_heading_icon\"><div class=\"fh-top\"><\/div><h2 class=\"title\">Nermin Kaya<\/h2><div class=\"inside\">Lawyer<\/div><\/div>\n<\/div><\/div><\/div><div class=\"altsatir wpb_column vc_column_container vc_col-sm-4\"><div class=\"vc_column-inner\"><div class=\"wpb_wrapper\">\n\t<div  class=\"wpb_single_image wpb_content_element vc_align_center  vc_custom_1760544460645\">\n\t\t\n\t\t<figure class=\"wpb_wrapper vc_figure\">\n\t\t\t<a href=\"\/en\/team\/oyku-turkoglu\/\" target=\"_self\" class=\"vc_single_image-wrapper   vc_box_border_grey\"><img loading=\"lazy\" decoding=\"async\" width=\"2053\" height=\"2560\" src=\"https:\/\/www.berkerberker.com\/wp-content\/uploads\/Oyku-scaled.jpg\" class=\"vc_single_image-img attachment-full\" alt=\"\" srcset=\"https:\/\/www.berkerberker.com\/wp-content\/uploads\/Oyku-scaled.jpg 2053w, https:\/\/www.berkerberker.com\/wp-content\/uploads\/Oyku-241x300.jpg 241w, https:\/\/www.berkerberker.com\/wp-content\/uploads\/Oyku-821x1024.jpg 821w, https:\/\/www.berkerberker.com\/wp-content\/uploads\/Oyku-768x958.jpg 768w, https:\/\/www.berkerberker.com\/wp-content\/uploads\/Oyku-1232x1536.jpg 1232w, https:\/\/www.berkerberker.com\/wp-content\/uploads\/Oyku-1643x2048.jpg 1643w, https:\/\/www.berkerberker.com\/wp-content\/uploads\/Oyku-60x75.jpg 60w, https:\/\/www.berkerberker.com\/wp-content\/uploads\/Oyku-480x598.jpg 480w\" sizes=\"(max-width:767px) 480px, (max-width:2053px) 100vw, 2053px\" \/><\/a>\n\t\t<\/figure>\n\t<\/div>\n<div class=\"vc_empty_space\"   style=\"height: 7px\" ><span class=\"vc_empty_space_inner\"><\/span><\/div>\n<div class=\"fancy_heading fancy_heading_icon\"><div class=\"fh-top\"><\/div><h2 class=\"title\">\u00d6yk\u00fc T\u00fcrko\u011flu<\/h2><div class=\"inside\">Lawyer<\/div><\/div>\n<\/div><\/div><\/div><div class=\"altsatir wpb_column vc_column_container vc_col-sm-2\"><div class=\"vc_column-inner\"><div class=\"wpb_wrapper\"><\/div><\/div><\/div><\/div><div class=\"vc_row-full-width vc_clearfix\"><\/div><div data-vc-full-width=\"true\" data-vc-full-width-init=\"false\" class=\"vc_row wpb_row vc_row-fluid wpb_animate_when_almost_visible wpb_fadeIn fadeIn\"><div class=\"altsatir wpb_column vc_column_container vc_col-sm-2\"><div class=\"vc_column-inner\"><div class=\"wpb_wrapper\"><\/div><\/div><\/div><div class=\"altsatir wpb_column vc_column_container vc_col-sm-4\"><div class=\"vc_column-inner\"><div class=\"wpb_wrapper\">\n\t<div  class=\"wpb_single_image wpb_content_element vc_align_center  vc_custom_1772202025598\">\n\t\t\n\t\t<figure class=\"wpb_wrapper vc_figure\">\n\t\t\t<a href=\"\/en\/team\/seyma-yetim\/\" target=\"_self\" class=\"vc_single_image-wrapper   vc_box_border_grey\"><img loading=\"lazy\" decoding=\"async\" width=\"1889\" height=\"2362\" src=\"https:\/\/www.berkerberker.com\/wp-content\/uploads\/S\u0327eyma-Yetim.png\" class=\"vc_single_image-img attachment-full\" alt=\"\" srcset=\"https:\/\/www.berkerberker.com\/wp-content\/uploads\/S\u0327eyma-Yetim.png 1889w, https:\/\/www.berkerberker.com\/wp-content\/uploads\/S\u0327eyma-Yetim-240x300.png 240w, https:\/\/www.berkerberker.com\/wp-content\/uploads\/S\u0327eyma-Yetim-819x1024.png 819w, https:\/\/www.berkerberker.com\/wp-content\/uploads\/S\u0327eyma-Yetim-768x960.png 768w, https:\/\/www.berkerberker.com\/wp-content\/uploads\/S\u0327eyma-Yetim-1228x1536.png 1228w, https:\/\/www.berkerberker.com\/wp-content\/uploads\/S\u0327eyma-Yetim-1638x2048.png 1638w, https:\/\/www.berkerberker.com\/wp-content\/uploads\/S\u0327eyma-Yetim-117x146.png 117w, https:\/\/www.berkerberker.com\/wp-content\/uploads\/S\u0327eyma-Yetim-40x50.png 40w, https:\/\/www.berkerberker.com\/wp-content\/uploads\/S\u0327eyma-Yetim-60x75.png 60w\" sizes=\"(max-width:767px) 480px, (max-width:1889px) 100vw, 1889px\" \/><\/a>\n\t\t<\/figure>\n\t<\/div>\n<div class=\"vc_empty_space\"   style=\"height: 7px\" ><span class=\"vc_empty_space_inner\"><\/span><\/div>\n<div class=\"fancy_heading fancy_heading_icon\"><div class=\"fh-top\"><\/div><h2 class=\"title\">\u015eeyma Yetim<\/h2><div class=\"inside\">Lawyer<\/div><\/div>\n<\/div><\/div><\/div><div class=\"altsatir wpb_column vc_column_container vc_col-sm-4\"><div class=\"vc_column-inner\"><div class=\"wpb_wrapper\">\n\t<div  class=\"wpb_single_image wpb_content_element vc_align_center\">\n\t\t\n\t\t<figure class=\"wpb_wrapper vc_figure\">\n\t\t\t<a href=\"\/en\/team\/melis-kose\/\" target=\"_self\" class=\"vc_single_image-wrapper   vc_box_border_grey\"><img loading=\"lazy\" decoding=\"async\" width=\"500\" height=\"625\" src=\"https:\/\/www.berkerberker.com\/wp-content\/uploads\/Melis_Kose.jpg\" class=\"vc_single_image-img attachment-full\" alt=\"\" srcset=\"https:\/\/www.berkerberker.com\/wp-content\/uploads\/Melis_Kose.jpg 500w, https:\/\/www.berkerberker.com\/wp-content\/uploads\/Melis_Kose-240x300.jpg 240w, https:\/\/www.berkerberker.com\/wp-content\/uploads\/Melis_Kose-117x146.jpg 117w, https:\/\/www.berkerberker.com\/wp-content\/uploads\/Melis_Kose-40x50.jpg 40w, https:\/\/www.berkerberker.com\/wp-content\/uploads\/Melis_Kose-60x75.jpg 60w\" sizes=\"(max-width:767px) 480px, 500px\" \/><\/a>\n\t\t<\/figure>\n\t<\/div>\n<div class=\"fancy_heading fancy_heading_icon\"><div class=\"fh-top\"><\/div><h2 class=\"title\">Melis K\u00f6se<\/h2><div class=\"inside\">Consultant<\/div><\/div>\n<\/div><\/div><\/div><div class=\"altsatir wpb_column vc_column_container vc_col-sm-2\"><div class=\"vc_column-inner\"><div class=\"wpb_wrapper\"><\/div><\/div><\/div><\/div><div class=\"vc_row-full-width vc_clearfix\"><\/div><div data-vc-full-width=\"true\" data-vc-full-width-init=\"false\" class=\"vc_row wpb_row vc_row-fluid wpb_animate_when_almost_visible wpb_fadeIn fadeIn\"><div class=\"altsatir wpb_column vc_column_container vc_col-sm-2\"><div class=\"vc_column-inner\"><div class=\"wpb_wrapper\"><\/div><\/div><\/div><div class=\"altsatir wpb_column vc_column_container vc_col-sm-4\"><div class=\"vc_column-inner\"><div class=\"wpb_wrapper\">\n\t<div  class=\"wpb_single_image wpb_content_element vc_align_center\">\n\t\t\n\t\t<figure class=\"wpb_wrapper vc_figure\">\n\t\t\t<a href=\"\/en\/team\/talha-hakyemez\" target=\"_self\" class=\"vc_single_image-wrapper   vc_box_border_grey\"><img loading=\"lazy\" decoding=\"async\" width=\"2059\" height=\"2560\" src=\"https:\/\/www.berkerberker.com\/wp-content\/uploads\/Talha-scaled.jpg\" class=\"vc_single_image-img attachment-full\" alt=\"\" srcset=\"https:\/\/www.berkerberker.com\/wp-content\/uploads\/Talha-scaled.jpg 2059w, https:\/\/www.berkerberker.com\/wp-content\/uploads\/Talha-241x300.jpg 241w, https:\/\/www.berkerberker.com\/wp-content\/uploads\/Talha-824x1024.jpg 824w, https:\/\/www.berkerberker.com\/wp-content\/uploads\/Talha-768x955.jpg 768w, https:\/\/www.berkerberker.com\/wp-content\/uploads\/Talha-1235x1536.jpg 1235w, https:\/\/www.berkerberker.com\/wp-content\/uploads\/Talha-1647x2048.jpg 1647w, https:\/\/www.berkerberker.com\/wp-content\/uploads\/Talha-60x75.jpg 60w, https:\/\/www.berkerberker.com\/wp-content\/uploads\/Talha-480x597.jpg 480w\" sizes=\"(max-width:767px) 480px, (max-width:2059px) 100vw, 2059px\" \/><\/a>\n\t\t<\/figure>\n\t<\/div>\n<div class=\"fancy_heading fancy_heading_icon\"><div class=\"fh-top\"><\/div><h2 class=\"title\">Talha Hakyemez<\/h2><div class=\"inside\">Legal Intern<\/div><\/div>\n<\/div><\/div><\/div><div class=\"altsatir wpb_column vc_column_container vc_col-sm-2\"><div class=\"vc_column-inner\"><div class=\"wpb_wrapper\"><\/div><\/div><\/div><\/div><div class=\"vc_row-full-width vc_clearfix\"><\/div><div data-vc-full-width=\"true\" data-vc-full-width-init=\"false\" class=\"vc_row wpb_row vc_row-fluid wpb_animate_when_almost_visible wpb_fadeIn fadeIn\"><div class=\"altsatir wpb_column vc_column_container vc_col-sm-2\"><div class=\"vc_column-inner\"><div class=\"wpb_wrapper\"><\/div><\/div><\/div><div class=\"altsatir wpb_column vc_column_container vc_col-sm-2\"><div class=\"vc_column-inner\"><div class=\"wpb_wrapper\"><\/div><\/div><\/div><\/div><div class=\"vc_row-full-width vc_clearfix\"><\/div><div data-vc-full-width=\"true\" data-vc-full-width-init=\"false\" class=\"vc_row wpb_row vc_row-fluid wpb_animate_when_almost_visible wpb_fadeIn fadeIn\"><div class=\"altsatir wpb_column vc_column_container vc_col-sm-2\"><div class=\"vc_column-inner\"><div class=\"wpb_wrapper\"><\/div><\/div><\/div><div class=\"altsatir wpb_column vc_column_container vc_col-sm-4\"><div class=\"vc_column-inner\"><div class=\"wpb_wrapper\"><\/div><\/div><\/div><div class=\"altsatir wpb_column vc_column_container vc_col-sm-2\"><div class=\"vc_column-inner\"><div class=\"wpb_wrapper\"><\/div><\/div><\/div><\/div><div class=\"vc_row-full-width vc_clearfix\"><\/div>\n","protected":false},"excerpt":{"rendered":"Our Team Ahmet BerkerLawyer Ay\u00e7a BerkerLawyer Mehtap G\u00f6k\u00e7eLawyer Esin \u015eahin KocaLawyer Zeynep Eda GemiciogluLawyer Cenk G\u00fcm\u00fc\u015fLawyer Gamze Zilan<span class=\"excerpt-hellip\"> [\u2026]<\/span>","protected":false},"author":1,"featured_media":0,"parent":0,"menu_order":0,"comment_status":"closed","ping_status":"closed","template":"","meta":{"footnotes":""},"class_list":["post-922","page","type-page","status-publish","hentry"],"_links":{"self":[{"href":"https:\/\/www.berkerberker.com\/en\/wp-json\/wp\/v2\/pages\/922"}],"collection":[{"href":"https:\/\/www.berkerberker.com\/en\/wp-json\/wp\/v2\/pages"}],"about":[{"href":"https:\/\/www.berkerberker.com\/en\/wp-json\/wp\/v2\/types\/page"}],"author":[{"embeddable":true,"href":"https:\/\/www.berkerberker.com\/en\/wp-json\/wp\/v2\/users\/1"}],"replies":[{"embeddable":true,"href":"https:\/\/www.berkerberker.com\/en\/wp-json\/wp\/v2\/comments?post=922"}],"version-history":[{"count":96,"href":"https:\/\/www.berkerberker.com\/en\/wp-json\/wp\/v2\/pages\/922\/revisions"}],"predecessor-version":[{"id":6060,"href":"https:\/\/www.berkerberker.com\/en\/wp-json\/wp\/v2\/pages\/922\/revisions\/6060"}],"wp:attachment":[{"href":"https:\/\/www.berkerberker.com\/en\/wp-json\/wp\/v2\/media?parent=922"}],"curies":[{"name":"wp","href":"https:\/\/api.w.org\/{rel}","templated":true}]}}