{"id":926,"date":"2016-04-06T13:19:08","date_gmt":"2016-04-06T10:19:08","guid":{"rendered":"http:\/\/www.berkerberker.com\/iletisim\/"},"modified":"2020-03-26T00:12:21","modified_gmt":"2020-03-25T21:12:21","slug":"contact","status":"publish","type":"page","link":"https:\/\/www.berkerberker.com\/en\/contact\/","title":{"rendered":"Contact"},"content":{"rendered":"<div data-vc-full-width=\"true\" data-vc-full-width-init=\"false\" class=\"vc_row wpb_row vc_row-fluid vc_custom_1585170723416 vc_row-has-fill\"><div class=\"wpb_column vc_column_container vc_col-sm-12\"><div class=\"vc_column-inner\"><div class=\"wpb_wrapper\">\n\t<div class=\"wpb_text_column wpb_content_element \" >\n\t\t<div class=\"wpb_wrapper\">\n\t\t\t<h2 class=\"sayfa-baslik\">Contact<\/h2>\n\n\t\t<\/div>\n\t<\/div>\n<\/div><\/div><\/div><\/div><div class=\"vc_row-full-width vc_clearfix\"><\/div><div class=\"vc_row wpb_row vc_row-fluid\"><div class=\"wpb_column vc_column_container vc_col-sm-8\"><div class=\"vc_column-inner\"><div class=\"wpb_wrapper\"><div class=\"wpb_gmaps_widget wpb_content_element\" >\n\t\t<div class=\"wpb_wrapper\">\n\t\t<div class=\"wpb_map_wraper\">\n\t\t\t<iframe loading=\"lazy\" src=\"https:\/\/www.google.com\/maps\/embed?pb=!1m18!1m12!1m3!1d3007.585544021286!2d29.008336551135127!3d41.07805132297514!2m3!1f0!2f0!3f0!3m2!1i1024!2i768!4f13.1!3m3!1m2!1s0x14cab7e1b0e4c173%3A0xcf1159f7ae48ab73!2sBerker+Berker+Law+Office!5e0!3m2!1str!2str!4v1543818776764\" width=\"600\" height=\"450\" frameborder=\"0\" style=\"border:0\" allowfullscreen><\/iframe>\t\t<\/div>\n\t<\/div>\n<\/div>\n<\/div><\/div><\/div><div class=\"wpb_column vc_column_container vc_col-sm-4\"><div class=\"vc_column-inner\"><div class=\"wpb_wrapper\">\n\t<div class=\"wpb_text_column wpb_content_element \" >\n\t\t<div class=\"wpb_wrapper\">\n\t\t\t<h3><strong><em>BERKER\u00a0<\/em><\/strong>BERKER<br \/>\nLaw Office<\/h3>\n<p><span class=\"medium-text\">B\u00fcy\u00fckdere Cad. No:185 Kanyon Kompleksi<br \/>\nC Blok K:8 34394 \u015ei\u015fli, \u0130stanbul<br \/>\n<\/span><\/p>\n\n\t\t<\/div>\n\t<\/div>\n\n\t<div class=\"wpb_text_column wpb_content_element \" >\n\t\t<div class=\"wpb_wrapper\">\n\t\t\t<p><i class=\"icon-phone\" style=\"\" aria-hidden=\"true\"><\/i> +90 212 353 03 00<br \/>\n<i class=\"icon-newspaper\" style=\"\" aria-hidden=\"true\"><\/i> +90 212 353 03 02<br \/>\n<i class=\"icon-mail-line\" style=\"\" aria-hidden=\"true\"><\/i> <a href=\"mailto:info@berkerberker.com\">info@berkerberker.com <\/a><\/p>\n\n\t\t<\/div>\n\t<\/div>\n<\/div><\/div><\/div><\/div>\n","protected":false},"excerpt":{"rendered":"Contact BERKER\u00a0BERKER Law Office B\u00fcy\u00fckdere Cad. No:185 Kanyon Kompleksi C Blok K:8 34394 \u015ei\u015fli, \u0130stanbul +90 212 353<span class=\"excerpt-hellip\"> [\u2026]<\/span>","protected":false},"author":1,"featured_media":0,"parent":0,"menu_order":0,"comment_status":"closed","ping_status":"closed","template":"","meta":{"footnotes":""},"class_list":["post-926","page","type-page","status-publish","hentry"],"_links":{"self":[{"href":"https:\/\/www.berkerberker.com\/en\/wp-json\/wp\/v2\/pages\/926"}],"collection":[{"href":"https:\/\/www.berkerberker.com\/en\/wp-json\/wp\/v2\/pages"}],"about":[{"href":"https:\/\/www.berkerberker.com\/en\/wp-json\/wp\/v2\/types\/page"}],"author":[{"embeddable":true,"href":"https:\/\/www.berkerberker.com\/en\/wp-json\/wp\/v2\/users\/1"}],"replies":[{"embeddable":true,"href":"https:\/\/www.berkerberker.com\/en\/wp-json\/wp\/v2\/comments?post=926"}],"version-history":[{"count":7,"href":"https:\/\/www.berkerberker.com\/en\/wp-json\/wp\/v2\/pages\/926\/revisions"}],"predecessor-version":[{"id":1763,"href":"https:\/\/www.berkerberker.com\/en\/wp-json\/wp\/v2\/pages\/926\/revisions\/1763"}],"wp:attachment":[{"href":"https:\/\/www.berkerberker.com\/en\/wp-json\/wp\/v2\/media?parent=926"}],"curies":[{"name":"wp","href":"https:\/\/api.w.org\/{rel}","templated":true}]}}