{"id":948,"date":"2018-09-10T01:49:24","date_gmt":"2018-09-09T22:49:24","guid":{"rendered":"http:\/\/www.berkerberker.com\/team\/ayca-berker\/"},"modified":"2024-11-01T17:39:54","modified_gmt":"2024-11-01T14:39:54","slug":"ayca-berker","status":"publish","type":"page","link":"https:\/\/www.berkerberker.com\/en\/team\/ayca-berker\/","title":{"rendered":"Ay\u00e7a Berker"},"content":{"rendered":"<div data-vc-full-width=\"true\" data-vc-full-width-init=\"false\" data-vc-stretch-content=\"true\" class=\"vc_row wpb_row vc_row-fluid wpb_animate_when_almost_visible wpb_fadeIn fadeIn vc_custom_1539722888740 vc_row-has-fill vc_row-no-padding vc_row-o-full-height vc_row-o-columns-stretch vc_row-o-equal-height vc_row-o-content-middle vc_row-flex\"><div class=\"hizmetler-menu wpb_column vc_column_container vc_col-sm-4 vc_col-has-fill\"><div class=\"vc_column-inner vc_custom_1536534681505\"><div class=\"wpb_wrapper\">\n\t<div  class=\"wpb_single_image wpb_content_element vc_align_center  vc_custom_1539893388960\">\n\t\t\n\t\t<figure class=\"wpb_wrapper vc_figure\">\n\t\t\t<div class=\"vc_single_image-wrapper   vc_box_border_grey\"><img loading=\"lazy\" decoding=\"async\" width=\"500\" height=\"625\" src=\"https:\/\/www.berkerberker.com\/wp-content\/uploads\/Ayca_Berker.jpg\" class=\"vc_single_image-img attachment-full\" alt=\"\" srcset=\"https:\/\/www.berkerberker.com\/wp-content\/uploads\/Ayca_Berker.jpg 500w, https:\/\/www.berkerberker.com\/wp-content\/uploads\/Ayca_Berker-240x300.jpg 240w, https:\/\/www.berkerberker.com\/wp-content\/uploads\/Ayca_Berker-117x146.jpg 117w, https:\/\/www.berkerberker.com\/wp-content\/uploads\/Ayca_Berker-40x50.jpg 40w, https:\/\/www.berkerberker.com\/wp-content\/uploads\/Ayca_Berker-60x75.jpg 60w\" sizes=\"auto, (max-width:767px) 480px, 500px\" \/><\/div>\n\t\t<\/figure>\n\t<\/div>\n<div class=\"fancy_heading fancy_heading_line\"><div class=\"fh-top\"><span class=\"slogan\">Co-Founder<\/span><\/div><h1 class=\"title \">Ay\u00e7a Berker<\/h1><div class=\"inside\"><i class=\"icon-mail\" style=\"\" aria-hidden=\"true\"><\/i> <a href=\"mailto: ayca.berker@berkerberker.com\">ayca.berker@berkerberker.com<\/a><\/div><\/div>\n<\/div><\/div><\/div><div class=\"wpb_column vc_column_container vc_col-sm-4 vc_col-has-fill\"><div class=\"vc_column-inner vc_custom_1536534307371\"><div class=\"wpb_wrapper\">\n\t<div class=\"wpb_text_column wpb_content_element \" >\n\t\t<div class=\"wpb_wrapper\">\n\t\t\t<p>Mrs. Ay\u00e7a Berker, founding partner of Berker Berker Law Office, after working in some leading and important law offices in Istanbul, has continued her career in the banking sector in Bay\u0131nd\u0131rbank A.\u015e. Mrs. Berker has served as a manager in Legal Counseling Department in Turkcell \u0130leti\u015fim Hizmetleri A.\u015e. for a period of 14 years before becoming a partner of Berker Berker Law Office.<\/p>\n<p>Mrs. Ay\u00e7a Berker is working particularly in the fields of; telecommunication law, contract law, banking and finance law, real property and construction law, public \u2013 private cooperation (partnership) projects (PPP), personal data protection law, electronic commerce law, labor law and compliance and legislation works.<\/p>\n<p>With the business experience acquired in corporate area, Mrs. Ay\u00e7a Berker renders legal counseling and advice services in tandem with the needs and demands of corporate clients beyond solely the legal point of view, by also taking into consideration the commercial dimensions of the matter in hand, and is also engaged in works aimed at digitalization and improvement of internal processes of companies for the sake of saving of time and cost.<\/p>\n\n\t\t<\/div>\n\t<\/div>\n<\/div><\/div><\/div><div class=\"cv-beyaz, vc_row-o-content-bottom wpb_column vc_column_container vc_col-sm-4 vc_col-has-fill\"><div class=\"vc_column-inner vc_custom_1536536155122\"><div class=\"wpb_wrapper\">\n\t<div class=\"wpb_text_column wpb_content_element  alanlar\" >\n\t\t<div class=\"wpb_wrapper\">\n\t\t\t<p><strong><u>Practice Areas:<\/u><\/strong><\/p>\n<p>Telecommunication Law<br \/>\nContract Law<br \/>\nElectronic Commerce Law<br \/>\nBanking and Finance Law<br \/>\nLabor Law<br \/>\nPublic-Private (Partnership) Projects (PPP)<br \/>\nReal Estate and Construction Law<br \/>\nPersonal Data Protection Law<br \/>\nCompliance and Legislation Works<\/p>\n<p><strong><u>Education:<\/u><\/strong><\/p>\n<p>Istanbul University, Faculty of Law<br \/>\nIstanbul Bilgi University, Law of Economy, Postgraduate Study Program<\/p>\n<p><strong><u>Languages:<\/u><\/strong><\/p>\n<p>Turkish<br \/>\nEnglish<\/p>\n\n\t\t<\/div>\n\t<\/div>\n\n\t<div class=\"wpb_text_column wpb_content_element  ekipbuton\" >\n\t\t<div class=\"wpb_wrapper\">\n\t\t\t<p><a href=\"\/team\/ahmet-berker\/\" aria-label=\"button with icon\" class=\"icon_bar  icon_bar_large\" ><span class=\"t\"><i class=\"icon-left-circled\"><\/i><\/span><span class=\"b\"><i class=\"icon-left-circled\"><\/i><\/span><\/a>\n<a href=\"\/team\/\" aria-label=\"button with icon\" class=\"icon_bar  icon_bar_large\" ><span class=\"t\"><i class=\"icon-layout\"><\/i><\/span><span class=\"b\"><i class=\"icon-layout\"><\/i><\/span><\/a>\n<a href=\"\/team\/mehtap-gokce\/\" aria-label=\"button with icon\" class=\"icon_bar  icon_bar_large\" ><span class=\"t\"><i class=\"icon-right-circled\"><\/i><\/span><span class=\"b\"><i class=\"icon-right-circled\"><\/i><\/span><\/a>\n<\/p>\n\n\t\t<\/div>\n\t<\/div>\n<\/div><\/div><\/div><\/div><div class=\"vc_row-full-width vc_clearfix\"><\/div>\n","protected":false},"excerpt":{"rendered":"Co-FounderAy\u00e7a Berker ayca.berker@berkerberker.com Mrs. Ay\u00e7a Berker, founding partner of Berker Berker Law Office, after working in some leading<span class=\"excerpt-hellip\"> [\u2026]<\/span>","protected":false},"author":1,"featured_media":0,"parent":922,"menu_order":0,"comment_status":"closed","ping_status":"closed","template":"","meta":{"footnotes":""},"class_list":["post-948","page","type-page","status-publish","hentry"],"_links":{"self":[{"href":"https:\/\/www.berkerberker.com\/en\/wp-json\/wp\/v2\/pages\/948","targetHints":{"allow":["GET"]}}],"collection":[{"href":"https:\/\/www.berkerberker.com\/en\/wp-json\/wp\/v2\/pages"}],"about":[{"href":"https:\/\/www.berkerberker.com\/en\/wp-json\/wp\/v2\/types\/page"}],"author":[{"embeddable":true,"href":"https:\/\/www.berkerberker.com\/en\/wp-json\/wp\/v2\/users\/1"}],"replies":[{"embeddable":true,"href":"https:\/\/www.berkerberker.com\/en\/wp-json\/wp\/v2\/comments?post=948"}],"version-history":[{"count":6,"href":"https:\/\/www.berkerberker.com\/en\/wp-json\/wp\/v2\/pages\/948\/revisions"}],"predecessor-version":[{"id":5559,"href":"https:\/\/www.berkerberker.com\/en\/wp-json\/wp\/v2\/pages\/948\/revisions\/5559"}],"up":[{"embeddable":true,"href":"https:\/\/www.berkerberker.com\/en\/wp-json\/wp\/v2\/pages\/922"}],"wp:attachment":[{"href":"https:\/\/www.berkerberker.com\/en\/wp-json\/wp\/v2\/media?parent=948"}],"curies":[{"name":"wp","href":"https:\/\/api.w.org\/{rel}","templated":true}]}}