{"id":952,"date":"2018-10-16T23:58:47","date_gmt":"2018-10-16T20:58:47","guid":{"rendered":"http:\/\/www.berkerberker.com\/team\/mehtap-gokce\/"},"modified":"2020-12-08T13:32:56","modified_gmt":"2020-12-08T10:32:56","slug":"mehtap-gokce","status":"publish","type":"page","link":"https:\/\/www.berkerberker.com\/en\/team\/mehtap-gokce\/","title":{"rendered":"Mehtap G\u00f6k\u00e7e"},"content":{"rendered":"<div data-vc-full-width=\"true\" data-vc-full-width-init=\"false\" data-vc-stretch-content=\"true\" class=\"vc_row wpb_row vc_row-fluid wpb_animate_when_almost_visible wpb_fadeIn fadeIn vc_custom_1537292434131 vc_row-has-fill vc_row-no-padding vc_row-o-full-height vc_row-o-columns-stretch vc_row-o-equal-height vc_row-o-content-middle vc_row-flex\"><div class=\"hizmetler-menu wpb_column vc_column_container vc_col-sm-4 vc_col-has-fill\"><div class=\"vc_column-inner vc_custom_1536534681505\"><div class=\"wpb_wrapper\">\n\t<div  class=\"wpb_single_image wpb_content_element vc_align_center  vc_custom_1539805238651\">\n\t\t\n\t\t<figure class=\"wpb_wrapper vc_figure\">\n\t\t\t<div class=\"vc_single_image-wrapper   vc_box_border_grey\"><img loading=\"lazy\" decoding=\"async\" width=\"500\" height=\"625\" src=\"https:\/\/www.berkerberker.com\/wp-content\/uploads\/Mehtap-Gokce.jpg\" class=\"vc_single_image-img attachment-full\" alt=\"\" srcset=\"https:\/\/www.berkerberker.com\/wp-content\/uploads\/Mehtap-Gokce.jpg 500w, https:\/\/www.berkerberker.com\/wp-content\/uploads\/Mehtap-Gokce-240x300.jpg 240w, https:\/\/www.berkerberker.com\/wp-content\/uploads\/Mehtap-Gokce-117x146.jpg 117w, https:\/\/www.berkerberker.com\/wp-content\/uploads\/Mehtap-Gokce-40x50.jpg 40w, https:\/\/www.berkerberker.com\/wp-content\/uploads\/Mehtap-Gokce-60x75.jpg 60w\" sizes=\"auto, (max-width:767px) 480px, 500px\" \/><\/div>\n\t\t<\/figure>\n\t<\/div>\n<div class=\"fancy_heading fancy_heading_line\"><div class=\"fh-top\"><span class=\"slogan\">Of Counsel<\/span><\/div><h1 class=\"title \">Mehtap G\u00f6k\u00e7e<\/h1><div class=\"inside\"><i class=\"icon-mail\" style=\"\" aria-hidden=\"true\"><\/i> <a href=\"mailto: mehtap.gokce@berkerberker.com\">mehtap.gokce@berkerberker.com<\/a><\/div><\/div>\n<\/div><\/div><\/div><div class=\"wpb_column vc_column_container vc_col-sm-4 vc_col-has-fill\"><div class=\"vc_column-inner vc_custom_1536534307371\"><div class=\"wpb_wrapper\">\n\t<div class=\"wpb_text_column wpb_content_element \" >\n\t\t<div class=\"wpb_wrapper\">\n\t\t\t<p>Mrs. Mehtap G\u00f6k\u00e7e has started her career in 1995 in a law office operating mainly in international trade and maritime law fields, and later served as a manager in Legal Counseling Department in Turkcell \u0130leti\u015fim Hizmetleri A.\u015e., the leader telecommunication company of Turkey and works in many different fields of law, particularly in telecommunication law, international transportation law, maritime law, banking law and corporate law.<\/p>\n<p>Mrs. Mehtap G\u00f6k\u00e7e is a Mediator registered in the Registry of Mediation Department of the Ministry of Justice.<\/p>\n\n\t\t<\/div>\n\t<\/div>\n<\/div><\/div><\/div><div class=\"cv-beyaz, vc_row-o-content-bottom wpb_column vc_column_container vc_col-sm-4 vc_col-has-fill\"><div class=\"vc_column-inner vc_custom_1536536155122\"><div class=\"wpb_wrapper\">\n\t<div class=\"wpb_text_column wpb_content_element  alanlar\" >\n\t\t<div class=\"wpb_wrapper\">\n\t\t\t<p><strong><u>Practice Areas:<\/u><\/strong><\/p>\n<p>Maritime and Insurance Law<br \/>\nAviation Law<br \/>\nInternational Transportation Law<br \/>\nContract Law<br \/>\nTelecommunication Law<br \/>\nCorporate Law<br \/>\nElectronic Commerce Law<br \/>\nBanking and Finance Law<br \/>\nPersonal Data Protection Law<\/p>\n<p><strong><u>Education:<\/u><\/strong><\/p>\n<p>Marmara University, Faculty of Law<br \/>\nThe London School of Economics and Political Science MBA Programme<\/p>\n<p><strong><u>Languages:<\/u><\/strong><\/p>\n<p>Turkish<br \/>\nEnglish<\/p>\n\n\t\t<\/div>\n\t<\/div>\n\n\t<div class=\"wpb_text_column wpb_content_element  ekipbuton\" >\n\t\t<div class=\"wpb_wrapper\">\n\t\t\t<p><a href=\"\/team\/ayca-berker\/\" aria-label=\"button with icon\" class=\"icon_bar  icon_bar_large\" ><span class=\"t\"><i class=\"icon-left-circled\"><\/i><\/span><span class=\"b\"><i class=\"icon-left-circled\"><\/i><\/span><\/a>\n<a href=\"\/team\/\" aria-label=\"button with icon\" class=\"icon_bar  icon_bar_large\" ><span class=\"t\"><i class=\"icon-layout\"><\/i><\/span><span class=\"b\"><i class=\"icon-layout\"><\/i><\/span><\/a>\n<a href=\"\/team\/esin-sahin-koca\/\" aria-label=\"button with icon\" class=\"icon_bar  icon_bar_large\" ><span class=\"t\"><i class=\"icon-right-circled\"><\/i><\/span><span class=\"b\"><i class=\"icon-right-circled\"><\/i><\/span><\/a>\n<\/p>\n\n\t\t<\/div>\n\t<\/div>\n<\/div><\/div><\/div><\/div><div class=\"vc_row-full-width vc_clearfix\"><\/div>\n","protected":false},"excerpt":{"rendered":"Of CounselMehtap G\u00f6k\u00e7e mehtap.gokce@berkerberker.com Mrs. Mehtap G\u00f6k\u00e7e has started her career in 1995 in a law office operating<span class=\"excerpt-hellip\"> [\u2026]<\/span>","protected":false},"author":1,"featured_media":0,"parent":922,"menu_order":0,"comment_status":"closed","ping_status":"closed","template":"","meta":{"footnotes":""},"class_list":["post-952","page","type-page","status-publish","hentry"],"_links":{"self":[{"href":"https:\/\/www.berkerberker.com\/en\/wp-json\/wp\/v2\/pages\/952","targetHints":{"allow":["GET"]}}],"collection":[{"href":"https:\/\/www.berkerberker.com\/en\/wp-json\/wp\/v2\/pages"}],"about":[{"href":"https:\/\/www.berkerberker.com\/en\/wp-json\/wp\/v2\/types\/page"}],"author":[{"embeddable":true,"href":"https:\/\/www.berkerberker.com\/en\/wp-json\/wp\/v2\/users\/1"}],"replies":[{"embeddable":true,"href":"https:\/\/www.berkerberker.com\/en\/wp-json\/wp\/v2\/comments?post=952"}],"version-history":[{"count":6,"href":"https:\/\/www.berkerberker.com\/en\/wp-json\/wp\/v2\/pages\/952\/revisions"}],"predecessor-version":[{"id":2727,"href":"https:\/\/www.berkerberker.com\/en\/wp-json\/wp\/v2\/pages\/952\/revisions\/2727"}],"up":[{"embeddable":true,"href":"https:\/\/www.berkerberker.com\/en\/wp-json\/wp\/v2\/pages\/922"}],"wp:attachment":[{"href":"https:\/\/www.berkerberker.com\/en\/wp-json\/wp\/v2\/media?parent=952"}],"curies":[{"name":"wp","href":"https:\/\/api.w.org\/{rel}","templated":true}]}}